{"id":10,"date":"2024-10-08T22:14:53","date_gmt":"2024-10-09T01:14:53","guid":{"rendered":"https:\/\/www.cassiodeabreuadvogado.com.br\/site\/?page_id=10"},"modified":"2024-10-29T13:33:03","modified_gmt":"2024-10-29T16:33:03","slug":"inicio","status":"publish","type":"page","link":"https:\/\/www.cassiodeabreuadvogado.com.br\/site\/","title":{"rendered":"In\u00edcio"},"content":{"rendered":"<div style=\"display: none;\">\n<p>advogado trabalhista vacaria judiciais vacaria, advocacia em vacaria, advogado trabalhista, vacaria RS, advogado trabalhista e advogado trabalhista escrit\u00f3rio vacaria<\/p>\n<h1>advogado trabalhista em vacaria,\u00a0advocacia vacaria, judiciais vacaria,<\/h1>\n<h2>advogado trabalhista em vacaria, advogado trabalhista vacaria e regi\u00e3o, judiciais vacaria em vacaria, advogado trabalhista venda advocacia advogado trabalhista escrit\u00f3rio vacaria, advogado trabalhista em vacaria rs, advogado trabalhista, para vacaria e regi\u00e3o, advogado trabalhista para vacaria e regi\u00e3o\u00a0advogado trabalhista advogado trabalhista advogado trabalhista escrit\u00f3rio vacaria de advogado trabalhista em vacaria, advogado trabalhista vacaria e regi\u00e3o, judiciais vacaria em vacaria, advogado trabalhista venda advocacia advogado trabalhista escrit\u00f3rio vacaria, advogado trabalhista em vacaria rs, advogado trabalhista,<a title=\"advogado trabalhista advogado trabalhista advogado trabalhista escrit\u00f3rio vacaria de advogado trabalhista em vacaria, advogado trabalhista vacaria e regi\u00e3o, judiciais vacaria em vacaria, advogado trabalhista venda advocacia advogado trabalhista escrit\u00f3rio vacaria, advogado trabalhista em vacaria rs, advogado trabalhista, para vacaria e regi\u00e3o, advogado trabalhista para vacaria e regi\u00e3o\" href=\"https:\/\/www.cassiodeabreuadvogado.com.br\">para vacaria e regi\u00e3o, advogado trabalhista para vacaria e regi\u00e3o\u00a0advogado trabalhista advogado trabalhista advogado trabalhista escrit\u00f3rio vacaria de advogado trabalhista em vacaria, advogado trabalhista vacaria e regi\u00e3o, judiciais vacaria em vacaria, advogado trabalhista venda advocacia advogado trabalhista escrit\u00f3rio vacaria, advogado trabalhista em vacaria rs, advogado trabalhista<\/a>, para vacaria e regi\u00e3o, advogado trabalhista para vacaria e regi\u00e3o\u00a0advogado trabalhista advogado trabalhista advogado trabalhista escrit\u00f3rio vacaria de advogado trabalhista em vacaria, advogado trabalhista vacaria e regi\u00e3o, judiciais vacaria em vacaria, advogado trabalhista venda advocacia advogado trabalhista escrit\u00f3rio vacaria, advogado trabalhista em vacaria rs, advogado trabalhista, para vacaria e regi\u00e3o, advogado trabalhista para vacaria e regi\u00e3o\u00a0advogado trabalhista advogado trabalhista advogado trabalhista escrit\u00f3rio vacaria de advogado trabalhista em vacaria, advogado trabalhista vacaria e regi\u00e3o, judiciais vacaria em vacaria, advogado trabalhista venda advocacia advogado trabalhista escrit\u00f3rio vacaria, advogado trabalhista em vacaria rs, advogado trabalhista, para vacaria e regi\u00e3o,<a title=\"advogado trabalhista advogado trabalhista advogado trabalhista escrit\u00f3rio vacaria de advogado trabalhista em vacaria, advogado trabalhista vacaria e regi\u00e3o, judiciais vacaria em vacaria, advogado trabalhista venda advocacia advogado trabalhista escrit\u00f3rio vacaria, advogado trabalhista em vacaria rs, advogado trabalhista, para vacaria e regi\u00e3o, advogado trabalhista para vacaria e regi\u00e3o\" href=\"https:\/\/www.cassiodeabreuadvogado.com.br\/site\">advogado trabalhista para vacaria e regi\u00e3o\u00a0advogado trabalhista advogado trabalhista advogado trabalhista escrit\u00f3rio vacaria de advogado trabalhista em vacaria, advogado trabalhista vacaria e regi\u00e3o, cria\u00e7\u00e3o de sit<\/a>es em vacaria, advogado trabalhista venda advocacia advogado trabalhista escrit\u00f3rio vacaria, advogado trabalhista em vacaria rs, advogado trabalhista, para vacaria e regi\u00e3o, advogado trabalhista para vacaria e regi\u00e3o<\/h2>\n<div id=\"attachment_747\" style=\"width: 353px\" class=\"wp-caption aligncenter\"><a href=\"https:\/\/www.cassiodeabreuadvogado.com.br\/site\/wp-content\/uploads\/2013\/06\/per\u00edcia-m\u00e9dica-passo-fundo-rs.jpg\"><img decoding=\"async\" aria-describedby=\"caption-attachment-747\" class=\"size-full wp-image-747 \" title=\"advogado trabalhista advogado trabalhista advogado trabalhista escrit\u00f3rio vacaria de advogado trabalhista em vacaria\" src=\"https:\/\/www.cassiodeabreuadvogado.com.br\/site\/wp-content\/uploads\/2013\/06\/per\u00edcia-m\u00e9dica-passo-fundo-rs.jpg\" alt=\"advogado trabalhista advogado trabalhista advogado trabalhista escrit\u00f3rio vacaria de advogado trabalhista em vacaria\" width=\"343\" height=\"300\" loading=\"lazy\" \/><\/a><p id=\"caption-attachment-747\" class=\"wp-caption-text\">advogado trabalhista advogado trabalhista advogado trabalhista escrit\u00f3rio vacaria de advogado trabalhista em vacaria<\/p><\/div>\n<\/div>\n","protected":false},"excerpt":{"rendered":"<p>advogado trabalhista vacaria judiciais vacaria, advocacia em vacaria, advogado trabalhista, vacaria RS, advogado trabalhista e [&hellip;]<\/p>\n","protected":false},"author":1,"featured_media":0,"parent":0,"menu_order":0,"comment_status":"closed","ping_status":"closed","template":"template-inicio.php","meta":{"footnotes":""},"class_list":["post-10","page","type-page","status-publish","hentry"],"_links":{"self":[{"href":"https:\/\/www.cassiodeabreuadvogado.com.br\/site\/wp-json\/wp\/v2\/pages\/10"}],"collection":[{"href":"https:\/\/www.cassiodeabreuadvogado.com.br\/site\/wp-json\/wp\/v2\/pages"}],"about":[{"href":"https:\/\/www.cassiodeabreuadvogado.com.br\/site\/wp-json\/wp\/v2\/types\/page"}],"author":[{"embeddable":true,"href":"https:\/\/www.cassiodeabreuadvogado.com.br\/site\/wp-json\/wp\/v2\/users\/1"}],"replies":[{"embeddable":true,"href":"https:\/\/www.cassiodeabreuadvogado.com.br\/site\/wp-json\/wp\/v2\/comments?post=10"}],"version-history":[{"count":5,"href":"https:\/\/www.cassiodeabreuadvogado.com.br\/site\/wp-json\/wp\/v2\/pages\/10\/revisions"}],"predecessor-version":[{"id":46,"href":"https:\/\/www.cassiodeabreuadvogado.com.br\/site\/wp-json\/wp\/v2\/pages\/10\/revisions\/46"}],"wp:attachment":[{"href":"https:\/\/www.cassiodeabreuadvogado.com.br\/site\/wp-json\/wp\/v2\/media?parent=10"}],"curies":[{"name":"wp","href":"https:\/\/api.w.org\/{rel}","templated":true}]}}